{"id":791,"date":"2025-04-24T12:23:57","date_gmt":"2025-04-24T11:23:57","guid":{"rendered":"https:\/\/join.pantheon.team\/informacie-o-pracovisku\/"},"modified":"2025-04-25T12:17:12","modified_gmt":"2025-04-25T11:17:12","slug":"informacie-o-pracovisku","status":"publish","type":"page","link":"https:\/\/join.pantheon.team\/sk\/informacie-o-pracovisku\/","title":{"rendered":"Inform\u00e1cie o pracovisku"},"content":{"rendered":"<p>[et_pb_section fb_built=&#8220;1&#8243; _builder_version=&#8220;4.16&#8243; global_colors_info=&#8220;{}&#8220;][et_pb_row _builder_version=&#8220;4.16&#8243; background_size=&#8220;initial&#8220; background_position=&#8220;top_left&#8220; background_repeat=&#8220;repeat&#8220; global_colors_info=&#8220;{}&#8220;][et_pb_column type=&#8220;4_4&#8243; _builder_version=&#8220;4.27.4&#8243; _module_preset=&#8220;default&#8220; global_colors_info=&#8220;{}&#8220;][et_pb_heading title=&#8220;Inform\u00e1cie o pracovisku&#8220; _builder_version=&#8220;4.27.4&#8243; _module_preset=&#8220;default&#8220; global_colors_info=&#8220;{}&#8220;][\/et_pb_heading][\/et_pb_column][\/et_pb_row][et_pb_row _builder_version=&#8220;4.27.4&#8243; _module_preset=&#8220;default&#8220; global_colors_info=&#8220;{}&#8220;][et_pb_column type=&#8220;4_4&#8243; _builder_version=&#8220;4.27.4&#8243; _module_preset=&#8220;default&#8220; global_colors_info=&#8220;{}&#8220;][et_pb_text _builder_version=&#8220;4.27.4&#8243; _module_preset=&#8220;default&#8220; global_colors_info=&#8220;{}&#8220;]<\/p>\n<p>S oh\u013eadom na zverejnen\u00fa ponuku pr\u00e1ce si V\u00e1s dovo\u013eujeme upozorni\u0165 na nasledovn\u00e9 inform\u00e1cie:<\/p>\n<ul>\n<li>pracovisko sa m\u00f4\u017ee nach\u00e1dza\u0165 na tre\u0165om poschod\u00ed budovy, pri\u010dom pr\u00edstup je mo\u017en\u00fd v\u00fdhradne po schodisku. K pracovisku nie je pr\u00edstup v\u00fd\u0165ahom.<\/li>\n<li>s\u00fa\u010das\u0165ou pracovnej n\u00e1plne m\u00f4\u017ee by\u0165 manu\u00e1lna pr\u00e1ca spojen\u00e1 s fyzickou manipul\u00e1ciou s bremenami, s oh\u013eadom na Nariadenie vl\u00e1dy \u010d. 281\/2006 Z. z. o minim\u00e1lnych bezpe\u010dnostn\u00fdch a zdravotn\u00fdch po\u017eiadavk\u00e1ch pri ru\u010dnej manipul\u00e1cii s bremenami;<\/li>\n<li>pre konkr\u00e9tnu pracovn\u00fa poz\u00edciu sa m\u00f4\u017ee vy\u017eadova\u0165 vodi\u010dsk\u00fd preukaz skupiny B, pr\u00edp. vodi\u010dsk\u00fd preukaz inej skupiny, ako aj potrebn\u00e1 prax ako akt\u00edvny a samostatn\u00fd vodi\u010d.<\/li>\n<\/ul>\n<p>Zamestn\u00e1vate\u013e si vyhradzuje pr\u00e1vo kedyko\u013evek ukon\u010di\u0165 v\u00fdberov\u00e9 konanie, ak zist\u00ed, \u017ee inform\u00e1cie poskytnut\u00e9 uch\u00e1dza\u010dom v jeho \u017eiadosti, \u017eivotopise, po\u010das pohovoru alebo v inom \u0161t\u00e1diu v\u00fdberov\u00e9ho konania s\u00fa nepravdiv\u00e9, ne\u00fapln\u00e9 alebo zav\u00e1dzaj\u00face, a to bez oh\u013eadu na \u0161t\u00e1dium v\u00fdberov\u00e9ho konania. Toto pr\u00e1vo si zamestn\u00e1vate\u013e vyhradzuje aj v pr\u00edpade, ak sa po\u010das v\u00fdberov\u00e9ho konania alebo po n\u00e1stupe do pr\u00e1ce preuk\u00e1\u017eu skuto\u010dnosti, ktor\u00e9 objekt\u00edvne br\u00e1nia riadnemu v\u00fdkonu pr\u00e1ce vzh\u013eadom na jej charakteristick\u00e9 po\u017eiadavky (napr\u00edklad fyzick\u00e1 n\u00e1ro\u010dnos\u0165, potreba vodi\u010dsk\u00e9ho preukazu, charakter pracoviska).<\/p>\n<p>[\/et_pb_text][\/et_pb_column][\/et_pb_row][\/et_pb_section]<\/p>\n","protected":false},"excerpt":{"rendered":"<p>S oh\u013eadom na zverejnen\u00fa ponuku pr\u00e1ce si V\u00e1s dovo\u013eujeme upozorni\u0165 na nasledovn\u00e9 inform\u00e1cie: pracovisko sa m\u00f4\u017ee nach\u00e1dza\u0165 na tre\u0165om poschod\u00ed budovy, pri\u010dom pr\u00edstup je mo\u017en\u00fd v\u00fdhradne po schodisku. K pracovisku nie je pr\u00edstup v\u00fd\u0165ahom. s\u00fa\u010das\u0165ou pracovnej n\u00e1plne m\u00f4\u017ee by\u0165 manu\u00e1lna pr\u00e1ca spojen\u00e1 s fyzickou manipul\u00e1ciou s bremenami, s oh\u013eadom na Nariadenie vl\u00e1dy \u010d. 281\/2006 Z. [&hellip;]<\/p>\n","protected":false},"author":1,"featured_media":0,"parent":0,"menu_order":0,"comment_status":"closed","ping_status":"closed","template":"","meta":{"_et_pb_use_builder":"on","_et_pb_old_content":"","_et_gb_content_width":"","footnotes":""},"class_list":["post-791","page","type-page","status-publish","hentry"],"_links":{"self":[{"href":"https:\/\/join.pantheon.team\/sk\/wp-json\/wp\/v2\/pages\/791","targetHints":{"allow":["GET"]}}],"collection":[{"href":"https:\/\/join.pantheon.team\/sk\/wp-json\/wp\/v2\/pages"}],"about":[{"href":"https:\/\/join.pantheon.team\/sk\/wp-json\/wp\/v2\/types\/page"}],"author":[{"embeddable":true,"href":"https:\/\/join.pantheon.team\/sk\/wp-json\/wp\/v2\/users\/1"}],"replies":[{"embeddable":true,"href":"https:\/\/join.pantheon.team\/sk\/wp-json\/wp\/v2\/comments?post=791"}],"version-history":[{"count":3,"href":"https:\/\/join.pantheon.team\/sk\/wp-json\/wp\/v2\/pages\/791\/revisions"}],"predecessor-version":[{"id":840,"href":"https:\/\/join.pantheon.team\/sk\/wp-json\/wp\/v2\/pages\/791\/revisions\/840"}],"wp:attachment":[{"href":"https:\/\/join.pantheon.team\/sk\/wp-json\/wp\/v2\/media?parent=791"}],"curies":[{"name":"wp","href":"https:\/\/api.w.org\/{rel}","templated":true}]}}